{"id":1503,"date":"2020-01-09T12:19:45","date_gmt":"2020-01-09T11:19:45","guid":{"rendered":"http:\/\/b2environnement.fr\/?page_id=1503"},"modified":"2023-01-02T11:32:39","modified_gmt":"2023-01-02T10:32:39","slug":"nos-moyens","status":"publish","type":"page","link":"https:\/\/b2environnement.fr\/index.php\/nos-moyens\/","title":{"rendered":"Nos moyens"},"content":{"rendered":"\r\n<p>B.E. ENVIRONNEMENT s\u2019appuie sur des moyens mat\u00e9riels cons\u00e9quents.<\/p>\r\n\r\n\r\n\r\n<div class=\"wp-block-image\">\r\n<figure class=\"alignright\"><img decoding=\"async\" loading=\"lazy\" width=\"266\" height=\"189\" class=\"wp-image-1505\" src=\"http:\/\/b2environnement.fr\/wp-content\/uploads\/2020\/01\/masque.jpg\" alt=\"\" \/><\/figure>\r\n<\/div>\r\n\r\n\r\n\r\n<p>Nous poss\u00e9dons nos propres unit\u00e9s mobiles de d\u00e9contamination, enti\u00e8rement \u00e9quip\u00e9 pour le bien-\u00eatre et la s\u00e9curit\u00e9 de nos salari\u00e9s.<\/p>\r\n\r\n\r\n\r\n<p>Chaque salari\u00e9 est \u00e9quip\u00e9 de son propre masque \u00e0 ventilation assist\u00e9.<\/p>\r\n\r\n\r\n\r\n<p>Nous poss\u00e9dons\u00a0:<\/p>\r\n\r\n\r\n\r\n<ul>\r\n<li>Une flotte de v\u00e9hicules de service<\/li>\r\n<li>Un camion grue ampiroll<\/li>\r\n<li>Des SAS de d\u00e9contamination fixes et mobiles<\/li>\r\n<li>Des extracteurs d\u2019air<\/li>\r\n<li>Des contr\u00f4leurs de d\u00e9pression<img decoding=\"async\" loading=\"lazy\" class=\"size-medium wp-image-1542 alignright\" src=\"http:\/\/b2environnement.fr\/wp-content\/uploads\/2023\/01\/ampiroll-300x198.jpg\" alt=\"\" width=\"300\" height=\"198\" srcset=\"https:\/\/b2environnement.fr\/wp-content\/uploads\/2023\/01\/ampiroll-300x198.jpg 300w, https:\/\/b2environnement.fr\/wp-content\/uploads\/2023\/01\/ampiroll-1024x675.jpg 1024w, https:\/\/b2environnement.fr\/wp-content\/uploads\/2023\/01\/ampiroll-768x507.jpg 768w, https:\/\/b2environnement.fr\/wp-content\/uploads\/2023\/01\/ampiroll.jpg 1072w\" sizes=\"(max-width: 300px) 100vw, 300px\" \/><\/li>\r\n<li>Du mat\u00e9riel a\u00e9rauliques tel que an\u00e9mom\u00e8tres, hygrom\u00e8tres et luxm\u00e8tres<\/li>\r\n<li>Des groupes \u00e9lectrog\u00e8nes de secours<\/li>\r\n<li>Des aspirateurs<\/li>\r\n<li>Des unit\u00e9s de chauffe et de filtration<\/li>\r\n<li>Des rectifieuses<\/li>\r\n<\/ul>\r\n","protected":false},"excerpt":{"rendered":"<p>B.E. ENVIRONNEMENT s\u2019appuie sur des moyens mat\u00e9riels cons\u00e9quents. Nous poss\u00e9dons nos propres unit\u00e9s mobiles de d\u00e9contamination, enti\u00e8rement \u00e9quip\u00e9 pour le bien-\u00eatre et la s\u00e9curit\u00e9 de nos salari\u00e9s. Chaque salari\u00e9 est &#8230;<\/p>\n","protected":false},"author":1,"featured_media":0,"parent":0,"menu_order":0,"comment_status":"closed","ping_status":"closed","template":"","meta":[],"_links":{"self":[{"href":"https:\/\/b2environnement.fr\/index.php\/wp-json\/wp\/v2\/pages\/1503"}],"collection":[{"href":"https:\/\/b2environnement.fr\/index.php\/wp-json\/wp\/v2\/pages"}],"about":[{"href":"https:\/\/b2environnement.fr\/index.php\/wp-json\/wp\/v2\/types\/page"}],"author":[{"embeddable":true,"href":"https:\/\/b2environnement.fr\/index.php\/wp-json\/wp\/v2\/users\/1"}],"replies":[{"embeddable":true,"href":"https:\/\/b2environnement.fr\/index.php\/wp-json\/wp\/v2\/comments?post=1503"}],"version-history":[{"count":6,"href":"https:\/\/b2environnement.fr\/index.php\/wp-json\/wp\/v2\/pages\/1503\/revisions"}],"predecessor-version":[{"id":1580,"href":"https:\/\/b2environnement.fr\/index.php\/wp-json\/wp\/v2\/pages\/1503\/revisions\/1580"}],"wp:attachment":[{"href":"https:\/\/b2environnement.fr\/index.php\/wp-json\/wp\/v2\/media?parent=1503"}],"curies":[{"name":"wp","href":"https:\/\/api.w.org\/{rel}","templated":true}]}}