{"id":1508,"date":"2020-01-09T12:32:13","date_gmt":"2020-01-09T11:32:13","guid":{"rendered":"http:\/\/b2environnement.fr\/?page_id=1508"},"modified":"2020-01-09T12:32:13","modified_gmt":"2020-01-09T11:32:13","slug":"notre-prestation","status":"publish","type":"page","link":"https:\/\/b2environnement.fr\/index.php\/notre-prestation\/","title":{"rendered":"Notre prestation"},"content":{"rendered":"\n<ul><li>R\u00e9alisation d\u2019\u00e9tudes techniques et r\u00e9alisation des d\u00e9marches administratives<\/li><li>D\u00e9ploiement de personnel form\u00e9es et habilit\u00e9es<\/li><li>Traitement de mat\u00e9riaux contamin\u00e9s dans le respect de la r\u00e9glementation et des exigences de la profession<\/li><li>Contr\u00f4le permanent de nos chantiers et de la conformit\u00e9 d\u2019ex\u00e9cution selon nos proc\u00e9dures internes<\/li><li>Tra\u00e7abilit\u00e9 des d\u00e9chets<\/li><li>Restitution du chantier assaini, appuy\u00e9e par une analyse effectu\u00e9e en laboratoire ind\u00e9pendant <\/li><li>Respect des d\u00e9lais<\/li><\/ul>\n\n\n\n<h2><strong>Secteurs d\u2019Intervention<\/strong><\/h2>\n\n\n\n<p>B.E. ENVIRONNEMENT intervient sur des ouvrages int\u00e9rieurs et ext\u00e9rieurs des b\u00e2timents comme un b\u00e2timent priv\u00e9 chez un particulier ou des b\u00e2timents publics tels que des logements, \u00e9coles etc\u2026<\/p>\n\n\n\n<p>Nos\n\u00e9quipes travaillent toujours dans un souci de qualit\u00e9 de service, de respect de\nla r\u00e9glementation en vigueur, de la s\u00e9curit\u00e9 et de la protection des\nintervenants et de la population environnantes.<\/p>\n\n\n\n<p><strong>Nous\nrestons extr\u00eamement vigilants quant \u00e0 la tra\u00e7abilit\u00e9 de vos d\u00e9chets et ce de\nl\u2019\u00e9vacuation jusqu\u2019au traitement.<\/strong><\/p>\n\n\n\n<p><strong>B.E. ENVIRONNEMENT intervient dans toutes les r\u00e9gions de la France.<\/strong><\/p>\n\n\n\n<h2><strong>Proc\u00e9dure de d\u00e9samiantage<\/strong><\/h2>\n\n\n\n<p><strong>ANALYSE DES RISQUES<\/strong><\/p>\n\n\n\n<p>Une analyse des risques int\u00e9grant les contraintes du chantier est r\u00e9alis\u00e9e de mani\u00e8re \u00e0 identifier et pr\u00e9venir les risques quant \u00e0 la configuration des lieux et \u00e0 la nature des travaux \u00e0 r\u00e9aliser.<\/p>\n\n\n\n<p><strong>REDACTION DU PLAN DE RETRAIT<\/strong><\/p>\n\n\n\n<p>Un plan de retrait doit \u00eatre r\u00e9dig\u00e9 un mois avant le d\u00e9marrage des travaux et \u00eatre transmis \u00e0 l\u2019inspection du travail, \u00e0 la Carsat et \u00e0 l\u2019OPPBTP et doit comporter\u00a0:<\/p>\n\n\n\n<ul><li><em>Le type et la quantit\u00e9 d\u2019amiante manipul\u00e9<\/em><\/li><li><em>Le lieu des travaux, la date de d\u00e9marrage, la dur\u00e9e estim\u00e9e, la localisation de la zone<\/em><\/li><li><em>Les m\u00e9thodes et processus mis en \u0153uvre<\/em><\/li><li><em>Les \u00e9quipements utilis\u00e9s (protection et d\u00e9contamination)<\/em><\/li><li><em>Les mesures d\u2019empoussi\u00e8rement pr\u00e9vues (fr\u00e9quence, modalit\u00e9s, tra\u00e7abilit\u00e9, contr\u00f4le)<\/em><\/li><li><em>Les dur\u00e9es et temps de travail avec les \u00e9quipements de protections respiratoires<\/em><\/li><li><em>Les proc\u00e9dures de gestion des d\u00e9chets<\/em><\/li><li><em>Les attestations de comp\u00e9tences des salari\u00e9s et les visites m\u00e9dicales \u00e0 jour<\/em><\/li><li> <em>Le r\u00e9sultat des recherches et rep\u00e9rages des MCA<\/em> <\/li><\/ul>\n\n\n\n<p><strong>ELABORATION DE LA STRATEGIE D\u2019ECHANTILLONAGE<\/strong><\/p>\n\n\n\n<p>Des mesures d\u2019empoussi\u00e8rement de l\u2019air doivent \u00eatre r\u00e9alis\u00e9s avant, pendant et apr\u00e8s les travaux<\/p>\n\n\n\n<p><strong>INSTALLATION DE CHANTIER<\/strong><\/p>\n\n\n\n<p>L\u2019\u00e9quipe intervenante met en place les cl\u00f4tures et le balisage du chantier. Elle d\u00e9limite une zone de stockage du mat\u00e9riel et des d\u00e9chets amiant\u00e9s, d\u2019un emplacement pour le module de d\u00e9contamination, et \u00e9tablit un trajet de zone propre\/ zone contamin\u00e9e, conform\u00e9ment au plan de retrait. Les surfaces (murs et sols) sont prot\u00e9g\u00e9es \u00e0 l\u2019aide de film de protection en polyane afin d\u2019assurer la s\u00e9curit\u00e9 des occupants des locaux, du public, des travailleurs et prot\u00e9ger l\u2019environnement.<\/p>\n\n\n\n<p><strong>TRAVAUX DE RETRAIT<\/strong><\/p>\n\n\n\n<p>Des contr\u00f4les d\u2019empoussi\u00e8rement sont r\u00e9guli\u00e8rement effectuer durant les travaux afin de v\u00e9rifier l\u2019absence de pollution des locaux et de l\u2019environnement du chantier. Le seuil de 5f\/l d\u00e9fini par le Code de la Sant\u00e9 Publique ne doit en aucun cas \u00eatre d\u00e9pass\u00e9.<\/p>\n\n\n\n<p>La gestion des d\u00e9chets amiant\u00e9s (de leur acceptation par le centre de stockage ou de traitement, \u00e0 leur collecte puis leur \u00e9limination) est prise en charge par notre entreprise.<\/p>\n\n\n\n<p><strong>FIN DE TRAVAUX<\/strong><\/p>\n\n\n\n<p>En fin de chantier, nous examinons la zone trait\u00e9e et les zones susceptibles d\u2019avoir \u00e9t\u00e9 pollu\u00e9es afin de v\u00e9rifier la qualit\u00e9 du traitement et du nettoyage apr\u00e8s traitement.<\/p>\n\n\n\n<p>Une mesure du niveau d\u2019empoussi\u00e8rement est encore une fois r\u00e9alis\u00e9e pour v\u00e9rifier que l\u2019empoussi\u00e8rement des locaux est inf\u00e9rieur au seuil de 5f\/l et qu\u2019ils peuvent \u00eatre utilis\u00e9s sans danger.<\/p>\n\n\n\n<p>Nous vous fournissons un rapport de fin de travaux contenant les plans de localisation de l\u2019amiante mis \u00e0 jour et des bordereaux de suivi des d\u00e9chets amiant\u00e9s.<\/p>\n","protected":false},"excerpt":{"rendered":"<p>R\u00e9alisation d\u2019\u00e9tudes techniques et r\u00e9alisation des d\u00e9marches administratives D\u00e9ploiement de personnel form\u00e9es et habilit\u00e9es Traitement de mat\u00e9riaux contamin\u00e9s dans le respect de la r\u00e9glementation et des exigences de la profession &#8230;<\/p>\n","protected":false},"author":1,"featured_media":0,"parent":0,"menu_order":0,"comment_status":"closed","ping_status":"closed","template":"","meta":[],"_links":{"self":[{"href":"https:\/\/b2environnement.fr\/index.php\/wp-json\/wp\/v2\/pages\/1508"}],"collection":[{"href":"https:\/\/b2environnement.fr\/index.php\/wp-json\/wp\/v2\/pages"}],"about":[{"href":"https:\/\/b2environnement.fr\/index.php\/wp-json\/wp\/v2\/types\/page"}],"author":[{"embeddable":true,"href":"https:\/\/b2environnement.fr\/index.php\/wp-json\/wp\/v2\/users\/1"}],"replies":[{"embeddable":true,"href":"https:\/\/b2environnement.fr\/index.php\/wp-json\/wp\/v2\/comments?post=1508"}],"version-history":[{"count":1,"href":"https:\/\/b2environnement.fr\/index.php\/wp-json\/wp\/v2\/pages\/1508\/revisions"}],"predecessor-version":[{"id":1509,"href":"https:\/\/b2environnement.fr\/index.php\/wp-json\/wp\/v2\/pages\/1508\/revisions\/1509"}],"wp:attachment":[{"href":"https:\/\/b2environnement.fr\/index.php\/wp-json\/wp\/v2\/media?parent=1508"}],"curies":[{"name":"wp","href":"https:\/\/api.w.org\/{rel}","templated":true}]}}