{"id":1522,"date":"2020-01-09T12:44:48","date_gmt":"2020-01-09T11:44:48","guid":{"rendered":"http:\/\/b2environnement.fr\/?page_id=1522"},"modified":"2023-01-06T15:02:08","modified_gmt":"2023-01-06T14:02:08","slug":"lamiante","status":"publish","type":"page","link":"https:\/\/b2environnement.fr\/index.php\/lamiante\/","title":{"rendered":"L&rsquo;amiante"},"content":{"rendered":"\r\n<p><strong>Quels dangers constitue l\u2019amiante\u00a0?<\/strong><\/p>\r\n\r\n\r\n\r\n<p>L\u2019amiante repr\u00e9sente un probl\u00e8me majeur de sant\u00e9 publique et de sant\u00e9 au travail ! En effet ce mat\u00e9riau s\u2019est r\u00e9v\u00e9l\u00e9 hautement toxique et a \u00e9t\u00e9 interdit en France depuis 1997. Cependant bons nombres de b\u00e2timents et d\u2019\u00e9quipements en sont infest\u00e9s.<\/p>\r\n\r\n\r\n\r\n<div class=\"wp-block-image\">\r\n<figure class=\"aligncenter\"><img decoding=\"async\" loading=\"lazy\" width=\"535\" height=\"408\" class=\"wp-image-1523\" src=\"http:\/\/b2environnement.fr\/wp-content\/uploads\/2020\/01\/amiante.jpg\" alt=\"\" srcset=\"https:\/\/b2environnement.fr\/wp-content\/uploads\/2020\/01\/amiante.jpg 535w, https:\/\/b2environnement.fr\/wp-content\/uploads\/2020\/01\/amiante-300x229.jpg 300w\" sizes=\"(max-width: 535px) 100vw, 535px\" \/>\r\n<figcaption><br \/><strong>Les fibres d\u2019amiantes sont constitu\u00e9es de filaments tr\u00e8s fins et fragiles, invisibles dans les poussi\u00e8res<\/strong><\/figcaption>\r\n<\/figure>\r\n<\/div>\r\n\r\n\r\n\r\n<p>L\u2019amiante est responsable de pr\u00e8s de 5\u00a0000 maladies dont de nombreux cancers\u00a0! Les fibres peuvent se d\u00e9poser au fond des poumons et provoquer des maladies respiratoires graves comme le cancer des poumons, plaques pleurales, pl\u00e8vre, fibroses\u2026<\/p>\r\n\r\n\r\n\r\n<p><strong>De faibles expositions \u00e0 l\u2019amiante peuvent provoquer ces maladies mais la r\u00e9p\u00e9tition de l\u2019exposition augmente consid\u00e9rablement la probabilit\u00e9 de tomber malade\u00a0et cela peut survenir plusieurs ann\u00e9es apr\u00e8s le d\u00e9but d\u2019exposition.<\/strong><\/p>\r\n\r\n\r\n\r\n<p style=\"text-align: center;\"><strong>Il est donc important, voir primordiale d\u2019\u00e9liminer toutes sources pouvant contenir de l\u2019amiante\u00a0!<\/strong><\/p>\r\n","protected":false},"excerpt":{"rendered":"<p>Quels dangers constitue l\u2019amiante\u00a0? L\u2019amiante repr\u00e9sente un probl\u00e8me majeur de sant\u00e9 publique et de sant\u00e9 au travail ! En effet ce mat\u00e9riau s\u2019est r\u00e9v\u00e9l\u00e9 hautement toxique et a \u00e9t\u00e9 interdit &#8230;<\/p>\n","protected":false},"author":1,"featured_media":0,"parent":0,"menu_order":0,"comment_status":"closed","ping_status":"closed","template":"","meta":[],"_links":{"self":[{"href":"https:\/\/b2environnement.fr\/index.php\/wp-json\/wp\/v2\/pages\/1522"}],"collection":[{"href":"https:\/\/b2environnement.fr\/index.php\/wp-json\/wp\/v2\/pages"}],"about":[{"href":"https:\/\/b2environnement.fr\/index.php\/wp-json\/wp\/v2\/types\/page"}],"author":[{"embeddable":true,"href":"https:\/\/b2environnement.fr\/index.php\/wp-json\/wp\/v2\/users\/1"}],"replies":[{"embeddable":true,"href":"https:\/\/b2environnement.fr\/index.php\/wp-json\/wp\/v2\/comments?post=1522"}],"version-history":[{"count":3,"href":"https:\/\/b2environnement.fr\/index.php\/wp-json\/wp\/v2\/pages\/1522\/revisions"}],"predecessor-version":[{"id":1568,"href":"https:\/\/b2environnement.fr\/index.php\/wp-json\/wp\/v2\/pages\/1522\/revisions\/1568"}],"wp:attachment":[{"href":"https:\/\/b2environnement.fr\/index.php\/wp-json\/wp\/v2\/media?parent=1522"}],"curies":[{"name":"wp","href":"https:\/\/api.w.org\/{rel}","templated":true}]}}